{"id":10360,"date":"2025-07-01T10:44:02","date_gmt":"2025-07-01T10:44:02","guid":{"rendered":"https:\/\/warmuseum.brainserver.gr\/alexander-diakopoulos\/"},"modified":"2025-07-22T13:42:41","modified_gmt":"2025-07-22T13:42:41","slug":"alexander-diakopoulos","status":"publish","type":"page","link":"https:\/\/warmuseum.brainserver.gr\/en\/board-of-directors\/alexander-diakopoulos\/","title":{"rendered":"Alexander Diakopoulos"},"content":{"rendered":"<p><div class=\"fusion-fullwidth fullwidth-box fusion-builder-row-1 fusion-flex-container has-pattern-background has-mask-background nonhundred-percent-fullwidth non-hundred-percent-height-scrolling\" style=\"--awb-border-radius-top-left:0px;--awb-border-radius-top-right:0px;--awb-border-radius-bottom-right:0px;--awb-border-radius-bottom-left:0px;--awb-flex-wrap:wrap;\" ><div class=\"fusion-builder-row fusion-row fusion-flex-align-items-flex-start fusion-flex-content-wrap\" style=\"max-width:1372.8px;margin-left: calc(-4% \/ 2 );margin-right: calc(-4% \/ 2 );\"><div class=\"fusion-layout-column fusion_builder_column fusion-builder-column-0 fusion_builder_column_1_1 1_1 fusion-flex-column\" style=\"--awb-bg-size:cover;--awb-width-large:100%;--awb-margin-top-large:0px;--awb-spacing-right-large:1.92%;--awb-margin-bottom-large:20px;--awb-spacing-left-large:1.92%;--awb-width-medium:100%;--awb-order-medium:0;--awb-spacing-right-medium:1.92%;--awb-spacing-left-medium:1.92%;--awb-width-small:100%;--awb-order-small:0;--awb-spacing-right-small:1.92%;--awb-spacing-left-small:1.92%;\"><div class=\"fusion-column-wrapper fusion-column-has-shadow fusion-flex-justify-content-flex-start fusion-content-layout-column\"><div class=\"fusion-title title fusion-title-1 fusion-sep-none fusion-title-center fusion-title-text fusion-title-size-one\"><h1 class=\"fusion-title-heading title-heading-center\" style=\"margin:0;\">Vice Admiral (retired). Alexandros Diakopoulos<\/h1><\/div><div class=\"fusion-title title fusion-title-2 fusion-sep-none fusion-title-center fusion-title-text fusion-title-size-two\" style=\"--awb-text-color:var(--awb-color4);\"><h2 class=\"fusion-title-heading title-heading-center\" style=\"margin:0;\">First Vice President of the Board of the War Museum<\/h2><\/div><div class=\"fusion-separator\" style=\"align-self: center;margin-left: auto;margin-right: auto;margin-top:30px;margin-bottom:30px;width:100%;max-width:50%;\"><div class=\"fusion-separator-border sep-double sep-dotted\" style=\"--awb-height:20px;--awb-amount:20px;border-color:var(--awb-color3);border-top-width:1px;border-bottom-width:1px;\"><\/div><\/div><\/div><\/div><\/div><\/div><div class=\"fusion-fullwidth fullwidth-box fusion-builder-row-2 fusion-flex-container has-pattern-background has-mask-background nonhundred-percent-fullwidth non-hundred-percent-height-scrolling\" style=\"--awb-border-radius-top-left:0px;--awb-border-radius-top-right:0px;--awb-border-radius-bottom-right:0px;--awb-border-radius-bottom-left:0px;--awb-flex-wrap:wrap;\" ><div class=\"fusion-builder-row fusion-row fusion-flex-align-items-center fusion-flex-justify-content-center fusion-flex-content-wrap\" style=\"max-width:1372.8px;margin-left: calc(-4% \/ 2 );margin-right: calc(-4% \/ 2 );\"><div class=\"fusion-layout-column fusion_builder_column fusion-builder-column-1 fusion_builder_column_1_3 1_3 fusion-flex-column\" style=\"--awb-bg-size:cover;--awb-width-large:33.333333333333%;--awb-margin-top-large:0px;--awb-spacing-right-large:5.76%;--awb-margin-bottom-large:20px;--awb-spacing-left-large:5.76%;--awb-width-medium:33.333333333333%;--awb-order-medium:0;--awb-spacing-right-medium:5.76%;--awb-spacing-left-medium:5.76%;--awb-width-small:100%;--awb-order-small:0;--awb-spacing-right-small:1.92%;--awb-spacing-left-small:1.92%;\"><div class=\"fusion-column-wrapper fusion-column-has-shadow fusion-flex-justify-content-flex-start fusion-content-layout-column\"><div class=\"fusion-image-element \" style=\"text-align:center;--awb-mask-url: url(https:\/\/warmuseum.brainserver.gr\/wp-content\/plugins\/fusion-builder\/\/assets\/images\/masks\/mask-10.svg);--awb-caption-title-font-family:var(--h2_typography-font-family);--awb-caption-title-font-weight:var(--h2_typography-font-weight);--awb-caption-title-font-style:var(--h2_typography-font-style);--awb-caption-title-size:var(--h2_typography-font-size);--awb-caption-title-transform:var(--h2_typography-text-transform);--awb-caption-title-line-height:var(--h2_typography-line-height);--awb-caption-title-letter-spacing:var(--h2_typography-letter-spacing);\"><span class=\" fusion-imageframe imageframe-none imageframe-1 hover-type-none has-mask\"><img decoding=\"async\" width=\"600\" height=\"400\" alt=\"\u0391\u039d\u03a4\u0399\u039d\u0391\u03a5\u0391\u03a1\u03a7\u039f\u03a3 \u03b5.\u03b1. \u0391\u03bb\u03ad\u03be\u03b1\u03bd\u03b4\u03c1\u03bf\u03c2 \u0394\u03b9\u03b1\u03ba\u03cc\u03c0\u03bf\u03c5\u03bb\u03bf\u03c2\" title=\"\u0391\u039d\u03a4\u0399\u039d\u0391\u03a5\u0391\u03a1\u03a7\u039f\u03a3 \u03b5.\u03b1. \u0391\u03bb\u03ad\u03be\u03b1\u03bd\u03b4\u03c1\u03bf\u03c2 \u0394\u03b9\u03b1\u03ba\u03cc\u03c0\u03bf\u03c5\u03bb\u03bf\u03c2\" src=\"https:\/\/warmuseum.brainserver.gr\/wp-content\/uploads\/2025\/07\/\u0391\u03bb\u03ad\u03be\u03b1\u03bd\u03b4\u03c1\u03bf\u03c2-\u0394\u03b9\u03b1\u03ba\u03cc\u03c0\u03bf\u03c5\u03bb\u03bf\u03c2.jpg\" data-orig-src=\"https:\/\/warmuseum.brainserver.gr\/wp-content\/uploads\/2025\/07\/\u0391\u03bb\u03ad\u03be\u03b1\u03bd\u03b4\u03c1\u03bf\u03c2-\u0394\u03b9\u03b1\u03ba\u03cc\u03c0\u03bf\u03c5\u03bb\u03bf\u03c2.jpg\" class=\"lazyload img-responsive wp-image-10164\" srcset=\"data:image\/svg+xml,%3Csvg%20xmlns%3D%27http%3A%2F%2Fwww.w3.org%2F2000%2Fsvg%27%20width%3D%27600%27%20height%3D%27400%27%20viewBox%3D%270%200%20600%20400%27%3E%3Crect%20width%3D%27600%27%20height%3D%27400%27%20fill-opacity%3D%220%22%2F%3E%3C%2Fsvg%3E\" data-srcset=\"https:\/\/warmuseum.brainserver.gr\/wp-content\/uploads\/2025\/07\/\u0391\u03bb\u03ad\u03be\u03b1\u03bd\u03b4\u03c1\u03bf\u03c2-\u0394\u03b9\u03b1\u03ba\u03cc\u03c0\u03bf\u03c5\u03bb\u03bf\u03c2-200x133.jpg 200w, https:\/\/warmuseum.brainserver.gr\/wp-content\/uploads\/2025\/07\/\u0391\u03bb\u03ad\u03be\u03b1\u03bd\u03b4\u03c1\u03bf\u03c2-\u0394\u03b9\u03b1\u03ba\u03cc\u03c0\u03bf\u03c5\u03bb\u03bf\u03c2-400x267.jpg 400w, https:\/\/warmuseum.brainserver.gr\/wp-content\/uploads\/2025\/07\/\u0391\u03bb\u03ad\u03be\u03b1\u03bd\u03b4\u03c1\u03bf\u03c2-\u0394\u03b9\u03b1\u03ba\u03cc\u03c0\u03bf\u03c5\u03bb\u03bf\u03c2.jpg 600w\" data-sizes=\"auto\" data-orig-sizes=\"(max-width: 850px) 100vw, 400px\" \/><\/span><\/div><\/div><\/div><\/div><\/div><div class=\"fusion-fullwidth fullwidth-box fusion-builder-row-3 fusion-flex-container has-pattern-background has-mask-background nonhundred-percent-fullwidth non-hundred-percent-height-scrolling\" style=\"--awb-border-radius-top-left:0px;--awb-border-radius-top-right:0px;--awb-border-radius-bottom-right:0px;--awb-border-radius-bottom-left:0px;--awb-flex-wrap:wrap;\" ><div class=\"fusion-builder-row fusion-row fusion-flex-align-items-flex-start fusion-flex-content-wrap\" style=\"max-width:1372.8px;margin-left: calc(-4% \/ 2 );margin-right: calc(-4% \/ 2 );\"><div class=\"fusion-layout-column fusion_builder_column fusion-builder-column-2 fusion_builder_column_1_1 1_1 fusion-flex-column\" style=\"--awb-bg-size:cover;--awb-width-large:100%;--awb-margin-top-large:0px;--awb-spacing-right-large:1.92%;--awb-margin-bottom-large:20px;--awb-spacing-left-large:1.92%;--awb-width-medium:100%;--awb-order-medium:0;--awb-spacing-right-medium:1.92%;--awb-spacing-left-medium:1.92%;--awb-width-small:100%;--awb-order-small:0;--awb-spacing-right-small:1.92%;--awb-spacing-left-small:1.92%;\"><div class=\"fusion-column-wrapper fusion-column-has-shadow fusion-flex-justify-content-flex-start fusion-content-layout-column\"><div class=\"fusion-text fusion-text-1\"><p>President and CEO of the Hellenic Aviation Industry &#8211; Special Policy Advisor &#8211; Vice Admiral (retired) &#8211; Commander Emeritus of the National Defence School &#8211; Former National Security Advisor to the Prime Minister<\/p>\n<p>He was born in Athens on 11 October 1962. He entered the School of Naval Cadets in 1980, where he graduated on 8 June 1984. Vice Admiral (retired). Alexandros Diakopoulos has served the Armed Forces from many different positions. He served in Frigates, Missile Boats, the Naval Helicopter Command, the Fleet Headquarters, the General Staff of the Navy in various staff positions, as well as in the General Staff of National Defence as Director of International Relations and in the Ministry of National Defence as Deputy Director General of National Defence Policy and International Relations (DGPEADS). He has also served in the Chief of Staff&#8217;s Office of the Chief of Naval Staff, as Naval Spokesman and in the Greek Embassy in Ankara as Naval Attach\u00e9. In the context of his command duties he has served as Captain of warships (with the naval destroyer &#8220;AIDON&#8221; he participated in the NATO operation &#8220;IFOR&#8221; in 1996), Commander of the Naval Helicopter School, Commander of Naval Helicopters, Commander of Naval Training, Commander of the Naval Cadet School and Commander of the National Defence School. He retired with the rank of Vice Admiral in January 2019 and was awarded the title of Honorary Commander of the National Defence School.<\/p>\n<p>In addition to various career schools and the Naval War College, he has attended the Coll\u00e8ge interarm\u00e9es de D\u00e9fense of the \u00c9cole Militaire in Paris and holds a Master&#8217;s degree in Defence Studies, Geostrategy and Geo-economics (Diplome d&#8217; Etudes Superieures Specialisees en D\u00e9fense G\u00e9ostrat\u00e9gie et Dynamiques Industrielles) from the University of Paris II in Sorbonne and a Master in Public Administration (MC\/MPA) from the Harvard Kennedy School (John F. On 1 August 2019, Prime Minister Kyriakos Mitsotakis announced the creation of the position of National Security Advisor to the Prime Minister and appointed him to this position. He resigned from his position on 19 August 2020. On 02 February 2024, he was appointed President and CEO of Hellenic Aviation Industry. He is a frequent contributor to the daily press on International Relations, Defence and Foreign Policy.    <\/p>\n<p>He speaks French and English.<\/p>\n<\/div><\/div><\/div><\/div><\/div><\/p>\n","protected":false},"excerpt":{"rendered":"","protected":false},"author":2,"featured_media":0,"parent":10586,"menu_order":0,"comment_status":"closed","ping_status":"closed","template":"100-width.php","meta":{"_acf_changed":false,"footnotes":""},"class_list":["post-10360","page","type-page","status-publish","hentry"],"acf":[],"_links":{"self":[{"href":"https:\/\/warmuseum.brainserver.gr\/en\/wp-json\/wp\/v2\/pages\/10360","targetHints":{"allow":["GET"]}}],"collection":[{"href":"https:\/\/warmuseum.brainserver.gr\/en\/wp-json\/wp\/v2\/pages"}],"about":[{"href":"https:\/\/warmuseum.brainserver.gr\/en\/wp-json\/wp\/v2\/types\/page"}],"author":[{"embeddable":true,"href":"https:\/\/warmuseum.brainserver.gr\/en\/wp-json\/wp\/v2\/users\/2"}],"replies":[{"embeddable":true,"href":"https:\/\/warmuseum.brainserver.gr\/en\/wp-json\/wp\/v2\/comments?post=10360"}],"version-history":[{"count":2,"href":"https:\/\/warmuseum.brainserver.gr\/en\/wp-json\/wp\/v2\/pages\/10360\/revisions"}],"predecessor-version":[{"id":10362,"href":"https:\/\/warmuseum.brainserver.gr\/en\/wp-json\/wp\/v2\/pages\/10360\/revisions\/10362"}],"up":[{"embeddable":true,"href":"https:\/\/warmuseum.brainserver.gr\/en\/wp-json\/wp\/v2\/pages\/10586"}],"wp:attachment":[{"href":"https:\/\/warmuseum.brainserver.gr\/en\/wp-json\/wp\/v2\/media?parent=10360"}],"curies":[{"name":"wp","href":"https:\/\/api.w.org\/{rel}","templated":true}]}}